{"id":8,"date":"2017-12-03T22:02:47","date_gmt":"2017-12-03T22:02:47","guid":{"rendered":"http:\/\/fg-design.com\/?page_id=8"},"modified":"2021-01-17T18:03:03","modified_gmt":"2021-01-17T23:03:03","slug":"about","status":"publish","type":"page","link":"https:\/\/www.fg-design.com\/?page_id=8","title":{"rendered":"\u00c0 propos&#8230;"},"content":{"rendered":"\n<figure class=\"wp-block-image size-large\"><img loading=\"lazy\" decoding=\"async\" width=\"1024\" height=\"658\" src=\"https:\/\/www.fg-design.com\/wp-content\/uploads\/2020\/10\/AboutMe-1-1024x658.jpg\" alt=\"\" class=\"wp-image-728\" srcset=\"https:\/\/www.fg-design.com\/wp-content\/uploads\/2020\/10\/AboutMe-1-1024x658.jpg 1024w, https:\/\/www.fg-design.com\/wp-content\/uploads\/2020\/10\/AboutMe-1-300x193.jpg 300w, https:\/\/www.fg-design.com\/wp-content\/uploads\/2020\/10\/AboutMe-1-768x493.jpg 768w, https:\/\/www.fg-design.com\/wp-content\/uploads\/2020\/10\/AboutMe-1-1536x986.jpg 1536w, https:\/\/www.fg-design.com\/wp-content\/uploads\/2020\/10\/AboutMe-1.jpg 1682w\" sizes=\"auto, (max-width: 1024px) 100vw, 1024px\" \/><\/figure>\n\n\n<p>Je suis Fran\u00e7ois Gu\u00e9rin, informaticien de m\u00e9tier et photographe \u00e0 mes heures.<\/p>\n<p>Originaire de Sherbrooke, en Estrie, le travail m&rsquo;a amen\u00e9 dans la ville de Qu\u00e9bec en 2013.<\/p>\n\n\n<p><\/p>\n\n\n\n<div class=\"wp-block-columns is-layout-flex wp-container-core-columns-is-layout-9d6595d7 wp-block-columns-is-layout-flex\">\n<div class=\"wp-block-column is-layout-flow wp-block-column-is-layout-flow\" style=\"flex-basis:66.66%\">\n<p><\/p>\n\n\n\n<p class=\"has-text-align-left\">Bien que mon int\u00e9r\u00eat pour la photographie ait commenc\u00e9 d\u00e8s mon jeune \u00e2ge, il s&rsquo;est accru avec l&rsquo;arriv\u00e9e du num\u00e9rique. Photographie \u00e9v\u00e8nementielle, de rue, paysages, portrait photographique et macrophotographie : c&rsquo;est avec ma conjointe Brigitte et sa passion pour l&rsquo;ornithologie que j&rsquo;ai finalement trouv\u00e9 mon cr\u00e9neau.<\/p>\n\n\n\n<p>Immortaliser ces petites boules de plumes qui virevoltent autour de nos mangeoires, dans les for\u00eats et le long des cours d&rsquo;eau, voil\u00e0 tout un d\u00e9fi.<br><br>Vous trouverez sur ce site, mes plus belles photos des diff\u00e9rentes esp\u00e8ces d&rsquo;oiseaux qu&rsquo;il nous a \u00e9t\u00e9 possible d&rsquo;observer. Les oiseaux sont class\u00e9s selon une cat\u00e9gorisation commune et non scientifique.<\/p>\n<\/div>\n\n\n\n<div class=\"wp-block-column is-layout-flow wp-block-column-is-layout-flow\" style=\"flex-basis:33.33%\">\n<p><\/p>\n\n\n\n<p class=\"has-black-color has-text-color\"> .<\/p>\n\n\n\n<p> <\/p>\n\n\n\n<figure class=\"wp-block-image size-large\"><img loading=\"lazy\" decoding=\"async\" width=\"1024\" height=\"683\" src=\"https:\/\/www.fg-design.com\/wp-content\/uploads\/2020\/10\/IMG_2049-1024x683.jpg\" alt=\"\" class=\"wp-image-736\" srcset=\"https:\/\/www.fg-design.com\/wp-content\/uploads\/2020\/10\/IMG_2049-1024x683.jpg 1024w, https:\/\/www.fg-design.com\/wp-content\/uploads\/2020\/10\/IMG_2049-300x200.jpg 300w, https:\/\/www.fg-design.com\/wp-content\/uploads\/2020\/10\/IMG_2049-768x512.jpg 768w, https:\/\/www.fg-design.com\/wp-content\/uploads\/2020\/10\/IMG_2049.jpg 1280w\" sizes=\"auto, (max-width: 1024px) 100vw, 1024px\" \/><\/figure>\n<\/div>\n<\/div>\n\n\n\n<p class=\"has-text-align-left\"><\/p>\n\n\n\n<div class=\"wp-block-columns is-layout-flex wp-container-core-columns-is-layout-9d6595d7 wp-block-columns-is-layout-flex\">\n<div class=\"wp-block-column is-layout-flow wp-block-column-is-layout-flow\" style=\"flex-basis:33.33%\">\n<figure class=\"wp-block-image size-large\"><img loading=\"lazy\" decoding=\"async\" width=\"1024\" height=\"683\" src=\"https:\/\/www.fg-design.com\/wp-content\/uploads\/2020\/10\/IMG_7225-1024x683.jpg\" alt=\"\" class=\"wp-image-792\" srcset=\"https:\/\/www.fg-design.com\/wp-content\/uploads\/2020\/10\/IMG_7225-1024x683.jpg 1024w, https:\/\/www.fg-design.com\/wp-content\/uploads\/2020\/10\/IMG_7225-300x200.jpg 300w, https:\/\/www.fg-design.com\/wp-content\/uploads\/2020\/10\/IMG_7225-768x512.jpg 768w, https:\/\/www.fg-design.com\/wp-content\/uploads\/2020\/10\/IMG_7225-1536x1024.jpg 1536w, https:\/\/www.fg-design.com\/wp-content\/uploads\/2020\/10\/IMG_7225.jpg 2048w\" sizes=\"auto, (max-width: 1024px) 100vw, 1024px\" \/><\/figure>\n<\/div>\n\n\n\n<div class=\"wp-block-column is-layout-flow wp-block-column-is-layout-flow\" style=\"flex-basis:66.66%\">\n<p>Les phares font aussi partie de notre paysage qu\u00e9b\u00e9cois. De Saint-Jean-Port-Joli jusqu&rsquo;aux \u00celes-de-la-Madeleine, on compte plus de 43 phares le long du fleuve Saint-Laurent. Lors de nos sorties, j&rsquo;ai eu l&rsquo;occasion d&rsquo;en photographier plus de la moiti\u00e9 que je pr\u00e9sente ici.<br><\/p>\n\n\n\n<p>Enfin, j&rsquo;ai regroup\u00e9 dans une m\u00eame galerie mes coups de c\u0153ur, tous th\u00e8mes confondus.<br><br>Bonne visite!<\/p>\n<\/div>\n<\/div>\n\n\n\n<figure class=\"wp-block-image size-large\"><img loading=\"lazy\" decoding=\"async\" width=\"1024\" height=\"303\" src=\"https:\/\/www.fg-design.com\/wp-content\/uploads\/2021\/01\/Panorama-Medium-1024x303.png\" alt=\"\" class=\"wp-image-947\" srcset=\"https:\/\/www.fg-design.com\/wp-content\/uploads\/2021\/01\/Panorama-Medium-1024x303.png 1024w, https:\/\/www.fg-design.com\/wp-content\/uploads\/2021\/01\/Panorama-Medium-300x89.png 300w, https:\/\/www.fg-design.com\/wp-content\/uploads\/2021\/01\/Panorama-Medium-768x227.png 768w, https:\/\/www.fg-design.com\/wp-content\/uploads\/2021\/01\/Panorama-Medium.png 1366w\" sizes=\"auto, (max-width: 1024px) 100vw, 1024px\" \/><\/figure>\n","protected":false},"excerpt":{"rendered":"<p>Je suis Fran\u00e7ois Gu\u00e9rin, informaticien de m\u00e9tier et photographe \u00e0 mes heures. Originaire de Sherbrooke, en Estrie, le travail m&rsquo;a amen\u00e9 dans la ville de Qu\u00e9bec en 2013. Bien que mon int\u00e9r\u00eat pour la photographie ait commenc\u00e9 d\u00e8s mon jeune \u00e2ge, il s&rsquo;est accru avec l&rsquo;arriv\u00e9e du num\u00e9rique. Photographie \u00e9v\u00e8nementielle, de rue, paysages, portrait photographique [&hellip;]<\/p>\n","protected":false},"author":1,"featured_media":0,"parent":0,"menu_order":0,"comment_status":"closed","ping_status":"closed","template":"","meta":{"footnotes":""},"class_list":["post-8","page","type-page","status-publish","hentry"],"_links":{"self":[{"href":"https:\/\/www.fg-design.com\/index.php?rest_route=\/wp\/v2\/pages\/8","targetHints":{"allow":["GET"]}}],"collection":[{"href":"https:\/\/www.fg-design.com\/index.php?rest_route=\/wp\/v2\/pages"}],"about":[{"href":"https:\/\/www.fg-design.com\/index.php?rest_route=\/wp\/v2\/types\/page"}],"author":[{"embeddable":true,"href":"https:\/\/www.fg-design.com\/index.php?rest_route=\/wp\/v2\/users\/1"}],"replies":[{"embeddable":true,"href":"https:\/\/www.fg-design.com\/index.php?rest_route=%2Fwp%2Fv2%2Fcomments&post=8"}],"version-history":[{"count":45,"href":"https:\/\/www.fg-design.com\/index.php?rest_route=\/wp\/v2\/pages\/8\/revisions"}],"predecessor-version":[{"id":1085,"href":"https:\/\/www.fg-design.com\/index.php?rest_route=\/wp\/v2\/pages\/8\/revisions\/1085"}],"wp:attachment":[{"href":"https:\/\/www.fg-design.com\/index.php?rest_route=%2Fwp%2Fv2%2Fmedia&parent=8"}],"curies":[{"name":"wp","href":"https:\/\/api.w.org\/{rel}","templated":true}]}}